{"id":7450,"date":"2020-05-26T10:43:34","date_gmt":"2020-05-26T08:43:34","guid":{"rendered":"https:\/\/fit-in-it.ch\/wp\/declaration-de-confidentialite\/"},"modified":"2025-02-24T11:27:56","modified_gmt":"2025-02-24T10:27:56","slug":"declaration-de-confidentialite","status":"publish","type":"page","link":"https:\/\/fit-in-it.ch\/fr\/declaration-de-confidentialite\/","title":{"rendered":"D\u00e9claration de confidentialit\u00e9"},"content":{"rendered":"\t\t<div data-elementor-type=\"wp-page\" data-elementor-id=\"7450\" class=\"elementor elementor-7450 elementor-3\" data-elementor-post-type=\"page\">\n\t\t\t\t<div class=\"elementor-element elementor-element-312c5f7 e-flex e-con-boxed e-con e-parent\" data-id=\"312c5f7\" data-element_type=\"container\">\n\t\t\t\t\t<div class=\"e-con-inner\">\n\t\t<div class=\"elementor-element elementor-element-e3f76bf e-con-full e-flex e-con e-child\" data-id=\"e3f76bf\" data-element_type=\"container\">\n\t\t\t\t<div class=\"elementor-element elementor-element-da62541 elementor-widget elementor-widget-heading\" data-id=\"da62541\" data-element_type=\"widget\" data-widget_type=\"heading.default\">\n\t\t\t\t<div class=\"elementor-widget-container\">\n\t\t\t\t\t<h1 class=\"elementor-heading-title elementor-size-default\">D\u00e9claration de confidentialit\u00e9<\/h1>\t\t\t\t<\/div>\n\t\t\t\t<\/div>\n\t\t\t\t<div class=\"elementor-element elementor-element-6b5b1ee elementor-widget elementor-widget-spacer\" data-id=\"6b5b1ee\" data-element_type=\"widget\" data-widget_type=\"spacer.default\">\n\t\t\t\t<div class=\"elementor-widget-container\">\n\t\t\t\t\t\t\t<div class=\"elementor-spacer\">\n\t\t\t<div class=\"elementor-spacer-inner\"><\/div>\n\t\t<\/div>\n\t\t\t\t\t\t<\/div>\n\t\t\t\t<\/div>\n\t\t\t\t<div class=\"elementor-element elementor-element-e2c3596 elementor-widget elementor-widget-text-editor\" data-id=\"e2c3596\" data-element_type=\"widget\" data-widget_type=\"text-editor.default\">\n\t\t\t\t<div class=\"elementor-widget-container\">\n\t\t\t\t\t\t\t\t\t\n<h2 class=\"wp-block-heading\">1. collecte, traitement et utilisation des donn\u00e9es \u00e0 caract\u00e8re personnel<\/h2>\n<p>Nous ne collectons pas de donn\u00e9es personnelles lors de votre visite sur ce site. Les donn\u00e9es personnelles ne sont collect\u00e9es que si vous nous les communiquez vous-m\u00eame via un formulaire. Ces donn\u00e9es sont utilis\u00e9es exclusivement pour traiter votre demande.<\/p>\n<h2>2. utilisation de cookies propres<\/h2>\n<p>Notre site utilise des cookies. Il s&rsquo;agit de petits fichiers texte qui sont plac\u00e9s sur votre terminal \u00e0 l&rsquo;aide du navigateur. Ils ne causent aucun dommage.<\/p>\n<p>Lorsque vous acc\u00e9dez \u00e0 certaines pages, un \u00ab\u00a0cookie de session\u00a0\u00bb est cr\u00e9\u00e9 et automatiquement supprim\u00e9 de votre ordinateur \u00e0 la fin de la session de navigation. Certains cookies peuvent \u00eatre stock\u00e9s sur votre terminal jusqu&rsquo;\u00e0 ce que vous les supprimiez. Ils nous permettent de reconna\u00eetre votre navigateur lors de votre prochaine visite.<\/p>\n<p>Vous pouvez modifier les param\u00e8tres de la plupart des navigateurs web afin qu&rsquo;ils n&rsquo;acceptent pas les nouveaux cookies ou vous pouvez demander la suppression des cookies re\u00e7us. Pour savoir comment cela fonctionne concr\u00e8tement pour votre navigateur, vous pouvez g\u00e9n\u00e9ralement consulter sa fonction d&rsquo;aide.<\/p>\n<h2>3. les fichiers journaux du serveur<\/h2>\n<p>Comme pour toute connexion \u00e0 un serveur web, le serveur de notre fournisseur d&rsquo;h\u00e9bergement Metanet (Suisse), enregistre et stocke certaines donn\u00e9es techniques. Ces donn\u00e9es comprennent l&rsquo;adresse IP et le syst\u00e8me d&rsquo;exploitation de votre appareil, les dates, l&rsquo;heure d&rsquo;acc\u00e8s, le type de navigateur et la requ\u00eate du navigateur, y compris l&rsquo;origine de la requ\u00eate (r\u00e9f\u00e9rent). Ceci est n\u00e9cessaire pour des raisons techniques afin de vous fournir notre site web. Le fournisseur d&rsquo;h\u00e9bergement web prot\u00e8ge ces donn\u00e9es contre les acc\u00e8s non autoris\u00e9s gr\u00e2ce \u00e0 des mesures techniques et organisationnelles et ne les transmet pas \u00e0 des tiers.<\/p>\n<h2>4. Google Analytics  <\/h2>\n<p>Ce site utilise Google Analytics, un service d&rsquo;analyse de site internet fourni par Google Inc, 1600 Amphitheatre Parkway, Mountain View, CA 94043, \u00c9tats-Unis. Google Analytics utilise des \u00ab\u00a0cookies\u00a0\u00bb, c&rsquo;est-\u00e0-dire des fichiers texte qui sont enregistr\u00e9s sur votre ordinateur et qui permettent d&rsquo;analyser votre utilisation du site web.<\/p>\n<p>Google utilisera cette information dans le but d&rsquo;\u00e9valuer votre utilisation du site pour le compte de l&rsquo;op\u00e9rateur du site, de compiler des rapports sur l&rsquo;activit\u00e9 du site et de fournir d&rsquo;autres services relatifs \u00e0 l&rsquo;activit\u00e9 du site et \u00e0 l&rsquo;utilisation d&rsquo;Internet \u00e0 l&rsquo;op\u00e9rateur du site. L&rsquo;adresse IP transmise par votre navigateur dans le cadre de Google Analytics ne sera pas fusionn\u00e9e avec d&rsquo;autres donn\u00e9es de Google.<\/p>\n<p>Vous pouvez emp\u00eacher l&rsquo;enregistrement des cookies ou les supprimer en configurant votre navigateur en cons\u00e9quence.<\/p>\n<h2>5e bulletin d&rsquo;information<\/h2>\n<p>Si vous vous \u00eates inscrit \u00e0 notre newsletter avec votre adresse e-mail, votre nom, votre adresse et votre organisation, nous enregistrons et utilisons vos donn\u00e9es pour vous envoyer notre newsletter avec des informations sur le th\u00e8me \u00ab\u00a0Informatique dans l&rsquo;\u00e9ducation\u00a0\u00bb jusqu&rsquo;\u00e0 ce que vous vous d\u00e9sinscriviez de notre newsletter.<\/p>\n<p>Nous conserverons vos donn\u00e9es de mani\u00e8re permanente jusqu&rsquo;\u00e0 ce que vous vous d\u00e9sinscriviez de la r\u00e9ception de la newsletter ou que nous les supprimions.  <\/p>\n<p>Vous pouvez vous d\u00e9sinscrire de notre newsletter \u00e0 tout moment. Un lien de d\u00e9sinscription est inclus dans chaque e-mail contenant notre newsletter. Vous pouvez \u00e9galement r\u00e9voquer \u00e0 tout moment votre consentement \u00e0 l&rsquo;utilisation future de vos donn\u00e9es \u00e0 notre \u00e9gard. Pour ce faire, veuillez utiliser les moyens de contact indiqu\u00e9s ci-dessous.<\/p>\n<h2>6. vos droits<\/h2>\n<p>Vous disposez en principe des droits d&rsquo;acc\u00e8s, de rectification, d&rsquo;effacement, de limitation, de portabilit\u00e9 des donn\u00e9es, de r\u00e9vocation et d&rsquo;opposition. Si vous pensez que le traitement de vos donn\u00e9es enfreint la l\u00e9gislation sur la protection des donn\u00e9es ou que vos droits en mati\u00e8re de protection des donn\u00e9es ont \u00e9t\u00e9 viol\u00e9s d&rsquo;une autre mani\u00e8re, vous pouvez d\u00e9poser une plainte aupr\u00e8s de l&rsquo;autorit\u00e9 de contr\u00f4le.<\/p>\n<p>Vous pouvez nous contacter aux coordonn\u00e9es suivantes :<br>Bureau de la SVIA<br>Klosbachstrasse 107<br>8032 Zurich<br>T 043 305 05 90<br>svia@svia-ssie-ssii.ch<\/p>\n\t\t\t\t\t\t\t\t<\/div>\n\t\t\t\t<\/div>\n\t\t\t\t<\/div>\n\t\t\t\t\t<\/div>\n\t\t\t\t<\/div>\n\t\t\t\t<\/div>\n\t\t","protected":false},"excerpt":{"rendered":"<p>D\u00e9claration de confidentialit\u00e9 1. collecte, traitement et utilisation des donn\u00e9es \u00e0 caract\u00e8re personnel Nous ne collectons pas de donn\u00e9es personnelles lors de votre visite sur ce site. Les donn\u00e9es personnelles ne sont collect\u00e9es que si vous nous les communiquez vous-m\u00eame via un formulaire. Ces donn\u00e9es sont utilis\u00e9es exclusivement pour traiter votre demande. 2. utilisation de [&hellip;]<\/p>\n","protected":false},"author":1,"featured_media":0,"parent":0,"menu_order":0,"comment_status":"closed","ping_status":"closed","template":"","meta":{"_acf_changed":false,"_relevanssi_hide_post":"","_relevanssi_hide_content":"","_relevanssi_pin_for_all":"","_relevanssi_pin_keywords":"","_relevanssi_unpin_keywords":"","_relevanssi_related_keywords":"","_relevanssi_related_include_ids":"","_relevanssi_related_exclude_ids":"","_relevanssi_related_no_append":"","_relevanssi_related_not_related":"","_relevanssi_related_posts":"","_relevanssi_noindex_reason":"","site-sidebar-layout":"no-sidebar","site-content-layout":"page-builder","ast-site-content-layout":"","site-content-style":"default","site-sidebar-style":"default","ast-global-header-display":"","ast-banner-title-visibility":"","ast-main-header-display":"","ast-hfb-above-header-display":"","ast-hfb-below-header-display":"","ast-hfb-mobile-header-display":"","site-post-title":"disabled","ast-breadcrumbs-content":"","ast-featured-img":"","footer-sml-layout":"","theme-transparent-header-meta":"","adv-header-id-meta":"","stick-header-meta":"","header-above-stick-meta":"","header-main-stick-meta":"","header-below-stick-meta":"","astra-migrate-meta-layouts":"default","ast-page-background-enabled":"default","ast-page-background-meta":{"desktop":{"background-color":"","background-image":"","background-repeat":"repeat","background-position":"center center","background-size":"auto","background-attachment":"scroll","background-type":"","background-media":"","overlay-type":"","overlay-color":"","overlay-opacity":"","overlay-gradient":""},"tablet":{"background-color":"","background-image":"","background-repeat":"repeat","background-position":"center center","background-size":"auto","background-attachment":"scroll","background-type":"","background-media":"","overlay-type":"","overlay-color":"","overlay-opacity":"","overlay-gradient":""},"mobile":{"background-color":"","background-image":"","background-repeat":"repeat","background-position":"center center","background-size":"auto","background-attachment":"scroll","background-type":"","background-media":"","overlay-type":"","overlay-color":"","overlay-opacity":"","overlay-gradient":""}},"ast-content-background-meta":{"desktop":{"background-color":"var(--ast-global-color-5)","background-image":"","background-repeat":"repeat","background-position":"center center","background-size":"auto","background-attachment":"scroll","background-type":"","background-media":"","overlay-type":"","overlay-color":"","overlay-opacity":"","overlay-gradient":""},"tablet":{"background-color":"var(--ast-global-color-5)","background-image":"","background-repeat":"repeat","background-position":"center center","background-size":"auto","background-attachment":"scroll","background-type":"","background-media":"","overlay-type":"","overlay-color":"","overlay-opacity":"","overlay-gradient":""},"mobile":{"background-color":"var(--ast-global-color-5)","background-image":"","background-repeat":"repeat","background-position":"center center","background-size":"auto","background-attachment":"scroll","background-type":"","background-media":"","overlay-type":"","overlay-color":"","overlay-opacity":"","overlay-gradient":""}},"footnotes":""},"class_list":["post-7450","page","type-page","status-publish","hentry"],"acf":[],"_links":{"self":[{"href":"https:\/\/fit-in-it.ch\/fr\/wp-json\/wp\/v2\/pages\/7450","targetHints":{"allow":["GET"]}}],"collection":[{"href":"https:\/\/fit-in-it.ch\/fr\/wp-json\/wp\/v2\/pages"}],"about":[{"href":"https:\/\/fit-in-it.ch\/fr\/wp-json\/wp\/v2\/types\/page"}],"author":[{"embeddable":true,"href":"https:\/\/fit-in-it.ch\/fr\/wp-json\/wp\/v2\/users\/1"}],"replies":[{"embeddable":true,"href":"https:\/\/fit-in-it.ch\/fr\/wp-json\/wp\/v2\/comments?post=7450"}],"version-history":[{"count":3,"href":"https:\/\/fit-in-it.ch\/fr\/wp-json\/wp\/v2\/pages\/7450\/revisions"}],"predecessor-version":[{"id":7453,"href":"https:\/\/fit-in-it.ch\/fr\/wp-json\/wp\/v2\/pages\/7450\/revisions\/7453"}],"wp:attachment":[{"href":"https:\/\/fit-in-it.ch\/fr\/wp-json\/wp\/v2\/media?parent=7450"}],"curies":[{"name":"wp","href":"https:\/\/api.w.org\/{rel}","templated":true}]}}